{"id":32,"date":"2024-07-30T22:29:32","date_gmt":"2024-07-30T20:29:32","guid":{"rendered":"http:\/\/notairk.cluster023.hosting.ovh.net\/houget_boucard\/?page_id=32"},"modified":"2026-05-12T22:33:44","modified_gmt":"2026-05-12T20:33:44","slug":"tarifs","status":"publish","type":"page","link":"https:\/\/houget-boucard-nantes.44224.notaires.fr\/?page_id=32","title":{"rendered":"Nos Tarifs"},"content":{"rendered":"\n<p>Les \u00e9moluments des notaires sont encadr\u00e9s par la loi et fix\u00e9s par des textes r\u00e9glementaires, notamment la loi du 6 ao\u00fbt 2015 et les arr\u00eat\u00e9s en vigueur.<\/p>\n\n\n\n<p>Pour les actes soumis \u00e0 tarification, le co\u00fbt est identique quel que soit le notaire, le client ou la localisation de l\u2019\u00e9tude. Cette r\u00e9glementation garantit transparence et \u00e9galit\u00e9 de traitement.<\/p>\n\n\n\n<p>Selon la nature de l\u2019acte, le tarif peut \u00eatre : fixe ou proportionnel aux montants concern\u00e9s par l\u2019op\u00e9ration.<\/p>\n\n\n\n<p>Des honoraires libres pour certaines prestations<\/p>\n\n\n\n<p>En dehors des actes r\u00e9glement\u00e9s, le notaire peut intervenir en qualit\u00e9 de conseil ou pour la r\u00e9daction d\u2019actes sp\u00e9cifiques non soumis au tarif l\u00e9gal.<\/p>\n\n\n\n<p>Dans ces cas, une convention d\u2019honoraires est \u00e9tablie avec le client, permettant de d\u00e9finir librement le co\u00fbt de la prestation, en toute transparence.<\/p>\n\n\n\n<div class=\"wp-block-group has-global-padding is-layout-constrained wp-container-core-group-is-layout-c312d2cd wp-block-group-is-layout-constrained\" style=\"padding-right:var(--wp--preset--spacing--x-small);padding-left:var(--wp--preset--spacing--x-small)\">\n<p class=\"has-text-color has-link-color has-large-font-size wp-elements-36dc8cb3feb904236fddcb119bd71abe\" style=\"color:#6e9b82;padding-top:0;padding-right:0;padding-bottom:0;padding-left:0\">Droit immobilier<\/p>\n\n\n\n<div class=\"wp-block-group is-horizontal is-layout-flex wp-block-group-is-layout-flex\">\n<div class=\"wp-block-group wp-container-content-9cfa9a5a has-global-padding is-layout-constrained wp-container-core-group-is-layout-19e250f3 wp-block-group-is-layout-constrained\">\n<p class=\"tarif-titre-item\" style=\"padding-top:0;padding-right:0;padding-bottom:0;padding-left:0\"><strong>Promesse de vente (appartement\/maison\/terrain \u00e0 b\u00e2tir)<\/strong><\/p>\n\n\n\n<p><em>Hors droit sur \u00e9tat (125,00\u20ac) et provision sur frais (75,00\u20ac)<\/em><\/p>\n<\/div>\n\n\n\n<div class=\"wp-block-group has-global-padding is-layout-constrained wp-block-group-is-layout-constrained\">\n<p>150\u20ac TTC<\/p>\n<\/div>\n<\/div>\n\n\n\n<div class=\"wp-block-group is-horizontal is-layout-flex wp-block-group-is-layout-flex\">\n<div class=\"wp-block-group wp-container-content-9cfa9a5a has-global-padding is-layout-constrained wp-container-core-group-is-layout-19e250f3 wp-block-group-is-layout-constrained\">\n<p class=\"tarif-titre-item\"><strong><strong>Promesse de vente (local commercial ou professionnel)<\/strong><\/strong><\/p>\n\n\n\n<p><em><em>Hors droit sur \u00e9tat (125,00\u20ac) et provision sur frais (125,00\u20ac)<\/em><\/em><\/p>\n<\/div>\n\n\n\n<div class=\"wp-block-group has-global-padding is-layout-constrained wp-block-group-is-layout-constrained\">\n<p>300\u20ac TTC<\/p>\n<\/div>\n<\/div>\n\n\n\n<div class=\"wp-block-group is-horizontal is-layout-flex wp-block-group-is-layout-flex\">\n<div class=\"wp-block-group wp-container-content-9cfa9a5a has-global-padding is-layout-constrained wp-container-core-group-is-layout-19e250f3 wp-block-group-is-layout-constrained\">\n<p class=\"tarif-titre-item\"><strong><strong><strong>R\u00e9quisition d\u2019instrumenter (dossiers simples, sans avant-contrat avec montant inf\u00e9rieurs \u00e0 5.000,00\u20ac)<\/strong><\/strong><\/strong><\/p>\n\n\n\n<p><em><em><em>Hors provision sur frais (40,00\u20ac)<\/em><\/em><\/em><\/p>\n<\/div>\n\n\n\n<div class=\"wp-block-group has-global-padding is-layout-constrained wp-block-group-is-layout-constrained\">\n<p>60\u20ac TTC<\/p>\n<\/div>\n<\/div>\n\n\n\n<div class=\"wp-block-group is-horizontal is-layout-flex wp-block-group-is-layout-flex\">\n<div class=\"wp-block-group wp-container-content-9cfa9a5a has-global-padding is-layout-constrained wp-container-core-group-is-layout-19e250f3 wp-block-group-is-layout-constrained\">\n<p class=\"tarif-titre-item\"><strong><strong><strong><strong>R\u00e9quisition d\u2019instrumenter (dossiers simples, sans avant-contrat avec montant inf\u00e9rieurs \u00e0 5.000,00\u20ac)<\/strong><\/strong><\/strong><\/strong><\/p>\n\n\n\n<p><em><em><em>Hors provision sur frais (40,00\u20ac)<\/em><\/em><\/em><\/p>\n<\/div>\n\n\n\n<div class=\"wp-block-group has-global-padding is-layout-constrained wp-block-group-is-layout-constrained\">\n<p>1200\u20ac TTC<\/p>\n<\/div>\n<\/div>\n<\/div>\n\n\n\n<div class=\"wp-block-group has-global-padding is-layout-constrained wp-container-core-group-is-layout-c312d2cd wp-block-group-is-layout-constrained\" style=\"padding-right:var(--wp--preset--spacing--x-small);padding-left:var(--wp--preset--spacing--x-small)\">\n<p class=\"has-text-color has-link-color has-large-font-size wp-elements-e7aaa0579754e1854eb776c37398579d\" style=\"color:#6e9b82;padding-top:0;padding-right:0;padding-bottom:0;padding-left:0\">Droit de la famille<\/p>\n\n\n\n<div class=\"wp-block-group is-horizontal is-layout-flex wp-block-group-is-layout-flex\">\n<div class=\"wp-block-group wp-container-content-9cfa9a5a has-global-padding is-layout-constrained wp-container-core-group-is-layout-19e250f3 wp-block-group-is-layout-constrained\">\n<p class=\"tarif-titre-item\" style=\"padding-top:0;padding-right:0;padding-bottom:0;padding-left:0\"><strong><strong>Testament olographe (par personne), inscription au FCDDV incluse<\/strong><\/strong><\/p>\n\n\n\n<p><\/p>\n<\/div>\n\n\n\n<div class=\"wp-block-group has-global-padding is-layout-constrained wp-block-group-is-layout-constrained\">\n<p>80\u20ac TTC<\/p>\n<\/div>\n<\/div>\n\n\n\n<div class=\"wp-block-group is-horizontal is-layout-flex wp-block-group-is-layout-flex\">\n<div class=\"wp-block-group wp-container-content-9cfa9a5a has-global-padding is-layout-constrained wp-container-core-group-is-layout-19e250f3 wp-block-group-is-layout-constrained\">\n<p class=\"tarif-titre-item\"><strong><strong><strong>Forfait pour couple avec mod\u00e8le unique, inscription au FCDDV incluse<\/strong><\/strong><\/strong><\/p>\n\n\n\n<p><\/p>\n<\/div>\n\n\n\n<div class=\"wp-block-group has-global-padding is-layout-constrained wp-block-group-is-layout-constrained\">\n<p>140\u20ac TTC<\/p>\n<\/div>\n<\/div>\n\n\n\n<div class=\"wp-block-group is-horizontal is-layout-flex wp-block-group-is-layout-flex\">\n<div class=\"wp-block-group wp-container-content-9cfa9a5a has-global-padding is-layout-constrained wp-container-core-group-is-layout-19e250f3 wp-block-group-is-layout-constrained\">\n<p class=\"tarif-titre-item\"><strong><strong><strong><strong>Convention de quasi-usufruit<\/strong><\/strong><\/strong><\/strong><\/p>\n\n\n\n<p><em><em><em><em>Hors droit sur \u00e9tat (125,00\u20ac)<\/em><\/em><\/em><\/em><\/p>\n<\/div>\n\n\n\n<div class=\"wp-block-group has-global-padding is-layout-constrained wp-block-group-is-layout-constrained\">\n<p>960\u20ac TTC<\/p>\n<\/div>\n<\/div>\n<\/div>\n\n\n\n<div class=\"wp-block-group has-global-padding is-layout-constrained wp-container-core-group-is-layout-c312d2cd wp-block-group-is-layout-constrained\" style=\"padding-right:var(--wp--preset--spacing--x-small);padding-left:var(--wp--preset--spacing--x-small)\">\n<p class=\"has-text-color has-link-color has-large-font-size wp-elements-a882455fdb349fa0719b253f6b6e7cc2\" style=\"color:#6e9b82;padding-top:0;padding-right:0;padding-bottom:0;padding-left:0\"><strong>Droit des affaires<\/strong><\/p>\n\n\n\n<div class=\"wp-block-group is-horizontal is-layout-flex wp-block-group-is-layout-flex\">\n<div class=\"wp-block-group wp-container-content-9cfa9a5a has-global-padding is-layout-constrained wp-container-core-group-is-layout-19e250f3 wp-block-group-is-layout-constrained\">\n<p class=\"tarif-titre-item\" style=\"padding-top:0;padding-right:0;padding-bottom:0;padding-left:0\"><strong><strong><strong>Constitution d\u2019une SCI<\/strong><\/strong><\/strong><\/p>\n\n\n\n<p><em>Hors frais du Greffe et de Journal d\u2019Annonces L\u00e9gales (provision sur devis)<\/em><\/p>\n<\/div>\n\n\n\n<div class=\"wp-block-group has-global-padding is-layout-constrained wp-block-group-is-layout-constrained\">\n<p>1200\u20ac TTC<\/p>\n<\/div>\n<\/div>\n\n\n\n<div class=\"wp-block-group is-horizontal is-layout-flex wp-block-group-is-layout-flex\">\n<div class=\"wp-block-group wp-container-content-9cfa9a5a has-global-padding is-layout-constrained wp-container-core-group-is-layout-19e250f3 wp-block-group-is-layout-constrained\">\n<p class=\"tarif-titre-item\"><strong><strong><strong><strong>Modification de statuts de SCI<\/strong><\/strong><\/strong><\/strong><\/p>\n\n\n\n<p><em>Hors frais du Greffe et de Journal d\u2019Annonces L\u00e9gales (provision sur devis)<\/em><\/p>\n<\/div>\n\n\n\n<div class=\"wp-block-group has-global-padding is-layout-constrained wp-block-group-is-layout-constrained\">\n<p>600\u20ac TTC<\/p>\n<\/div>\n<\/div>\n\n\n\n<div class=\"wp-block-group is-horizontal is-layout-flex wp-block-group-is-layout-flex\">\n<div class=\"wp-block-group wp-container-content-9cfa9a5a has-global-padding is-layout-constrained wp-container-core-group-is-layout-19e250f3 wp-block-group-is-layout-constrained\">\n<p class=\"tarif-titre-item\"><strong><strong><strong><strong><strong>Bail commercial<\/strong><\/strong><\/strong><\/strong><\/strong><\/p>\n<\/div>\n\n\n\n<div class=\"wp-block-group has-global-padding is-layout-constrained wp-block-group-is-layout-constrained\">\n<p><strong>Montant d\u2019un loyer HT \u2013 minimum 960,00\u20ac TTC<\/strong><\/p>\n<\/div>\n<\/div>\n\n\n\n<div class=\"wp-block-group is-horizontal is-layout-flex wp-block-group-is-layout-flex\">\n<div class=\"wp-block-group wp-container-content-9cfa9a5a has-global-padding is-layout-constrained wp-container-core-group-is-layout-19e250f3 wp-block-group-is-layout-constrained\">\n<p class=\"tarif-titre-item\"><strong><strong><strong><strong><strong><strong>Bail d\u00e9rogatoire<\/strong><\/strong><\/strong><\/strong><\/strong><\/strong><\/p>\n<\/div>\n\n\n\n<div class=\"wp-block-group has-global-padding is-layout-constrained wp-block-group-is-layout-constrained\">\n<p><strong>Montant d\u2019un loyer HT \u2013 minimum 480,00\u20ac TTC<\/strong><\/p>\n<\/div>\n<\/div>\n\n\n\n<div class=\"wp-block-group is-horizontal is-layout-flex wp-block-group-is-layout-flex\">\n<div class=\"wp-block-group wp-container-content-9cfa9a5a has-global-padding is-layout-constrained wp-container-core-group-is-layout-19e250f3 wp-block-group-is-layout-constrained\">\n<p class=\"tarif-titre-item\"><strong><strong><strong><strong><strong><strong><strong>Cession de fonds de commerce<\/strong><\/strong><\/strong><\/strong><\/strong><\/strong><\/strong><\/p>\n<\/div>\n\n\n\n<div class=\"wp-block-group has-global-padding is-layout-constrained wp-block-group-is-layout-constrained\">\n<p><strong>2,5% du prix HT \u2013 minimum 2.400,00\u20ac TTC<\/strong><\/p>\n<\/div>\n<\/div>\n<\/div>\n\n\n\n<figure class=\"wp-block-image alignwide size-large wp-duotone-unset-1\"><img loading=\"lazy\" decoding=\"async\" width=\"2560\" height=\"1441\" src=\"http:\/\/notairk.cluster023.hosting.ovh.net\/houget_boucard\/wp-content\/uploads\/2026\/05\/ryan-klaus-3k4x0rksH-Q-unsplash-edited-scaled.jpeg\" alt=\"\" class=\"wp-image-300\" srcset=\"https:\/\/houget-boucard-nantes.44224.notaires.fr\/wp-content\/uploads\/2026\/05\/ryan-klaus-3k4x0rksH-Q-unsplash-edited-scaled.jpeg 2560w, https:\/\/houget-boucard-nantes.44224.notaires.fr\/wp-content\/uploads\/2026\/05\/ryan-klaus-3k4x0rksH-Q-unsplash-edited-300x169.jpeg 300w, https:\/\/houget-boucard-nantes.44224.notaires.fr\/wp-content\/uploads\/2026\/05\/ryan-klaus-3k4x0rksH-Q-unsplash-edited-1024x576.jpeg 1024w, https:\/\/houget-boucard-nantes.44224.notaires.fr\/wp-content\/uploads\/2026\/05\/ryan-klaus-3k4x0rksH-Q-unsplash-edited-2000x1126.jpeg 2000w\" sizes=\"auto, (max-width: 2560px) 100vw, 2560px\" \/><\/figure>\n","protected":false},"excerpt":{"rendered":"<p>Les \u00e9moluments des notaires sont encadr\u00e9s par la loi et fix\u00e9s par des textes r\u00e9glementaires, notamment la loi du 6 ao\u00fbt 2015 et les arr\u00eat\u00e9s en vigueur. Pour les actes soumis \u00e0 tarification, le co\u00fbt est identique quel que soit le notaire, le client ou la localisation de l\u2019\u00e9tude. Cette r\u00e9glementation garantit transparence et \u00e9galit\u00e9 &hellip; <\/p>\n<p class=\"link-more\"><a href=\"https:\/\/houget-boucard-nantes.44224.notaires.fr\/?page_id=32\" class=\"more-link\">Lire la suite de<span class=\"screen-reader-text\">\u00ab\u00a0Nos Tarifs\u00a0\u00bb<\/span><\/a><\/p>\n","protected":false},"author":1,"featured_media":0,"parent":0,"menu_order":0,"comment_status":"closed","ping_status":"closed","template":"","meta":{"inspiro_hide_title":false,"footnotes":""},"class_list":["post-32","page","type-page","status-publish","hentry"],"_links":{"self":[{"href":"https:\/\/houget-boucard-nantes.44224.notaires.fr\/index.php?rest_route=\/wp\/v2\/pages\/32","targetHints":{"allow":["GET"]}}],"collection":[{"href":"https:\/\/houget-boucard-nantes.44224.notaires.fr\/index.php?rest_route=\/wp\/v2\/pages"}],"about":[{"href":"https:\/\/houget-boucard-nantes.44224.notaires.fr\/index.php?rest_route=\/wp\/v2\/types\/page"}],"author":[{"embeddable":true,"href":"https:\/\/houget-boucard-nantes.44224.notaires.fr\/index.php?rest_route=\/wp\/v2\/users\/1"}],"replies":[{"embeddable":true,"href":"https:\/\/houget-boucard-nantes.44224.notaires.fr\/index.php?rest_route=%2Fwp%2Fv2%2Fcomments&post=32"}],"version-history":[{"count":30,"href":"https:\/\/houget-boucard-nantes.44224.notaires.fr\/index.php?rest_route=\/wp\/v2\/pages\/32\/revisions"}],"predecessor-version":[{"id":301,"href":"https:\/\/houget-boucard-nantes.44224.notaires.fr\/index.php?rest_route=\/wp\/v2\/pages\/32\/revisions\/301"}],"wp:attachment":[{"href":"https:\/\/houget-boucard-nantes.44224.notaires.fr\/index.php?rest_route=%2Fwp%2Fv2%2Fmedia&parent=32"}],"curies":[{"name":"wp","href":"https:\/\/api.w.org\/{rel}","templated":true}]}}