{"id":191,"date":"2024-11-18T18:12:39","date_gmt":"2024-11-18T17:12:39","guid":{"rendered":"http:\/\/notairk.cluster023.hosting.ovh.net\/houget_boucard\/?page_id=191"},"modified":"2026-05-12T22:29:40","modified_gmt":"2026-05-12T20:29:40","slug":"mentions-legales","status":"publish","type":"page","link":"https:\/\/houget-boucard-nantes.44224.notaires.fr\/?page_id=191","title":{"rendered":"\u2696\ufe0f\u00a0Mentions l\u00e9gales"},"content":{"rendered":"\n<p>\ud83c\udfdb\ufe0f&nbsp;\u00c9diteur du site<\/p>\n\n\n\n<p>[Nom de l\u2019\u00c9tude notariale]<\/p>\n\n\n\n<p>Office notarial<\/p>\n\n\n\n<p>[Adresse compl\u00e8te]<\/p>\n\n\n\n<p>\ud83d\udcde&nbsp;[T\u00e9l\u00e9phone]<\/p>\n\n\n\n<p>\u2709\ufe0f&nbsp;[Adresse e-mail]<\/p>\n\n\n\n<p>Notaires associ\u00e9s :<\/p>\n\n\n\n<p>[Nom Pr\u00e9nom]<\/p>\n\n\n\n<p>[Nom Pr\u00e9nom]<\/p>\n\n\n\n<p>Nomination par arr\u00eat\u00e9 du Ministre de la Justice en date du [date]<\/p>\n\n\n\n<p>\ud83d\udc64&nbsp;Directeur de la publication<\/p>\n\n\n\n<p>[Nom Pr\u00e9nom]<\/p>\n\n\n\n<p>Notaire associ\u00e9<\/p>\n\n\n\n<p>\ud83d\udcbb&nbsp;H\u00e9bergement<\/p>\n\n\n\n<p>[Nom de l\u2019h\u00e9bergeur]<\/p>\n\n\n\n<p>[Adresse]<\/p>\n\n\n\n<p>\ud83d\udcde&nbsp;02.59.60.02.13<\/p>\n\n\n\n<p>\ud83c\udf10&nbsp;[Site internet]<\/p>\n\n\n\n<p>\u2696\ufe0f&nbsp;Activit\u00e9 r\u00e9glement\u00e9e<\/p>\n\n\n\n<p>L\u2019activit\u00e9 notariale est une profession r\u00e9glement\u00e9e r\u00e9gie notamment par :<\/p>\n\n\n\n<p>l\u2019ordonnance du 2 novembre 1945 relative au statut du notariat<\/p>\n\n\n\n<p>le d\u00e9cret du 5 juillet 1973<\/p>\n\n\n\n<p>les r\u00e8gles d\u00e9ontologiques de la profession<\/p>\n\n\n\n<p>Les notaires sont nomm\u00e9s par le Ministre de la Justice et exercent sous le contr\u00f4le des instances professionnelles comp\u00e9tentes.<\/p>\n\n\n\n<p>\ud83c\udfe2&nbsp;Autorit\u00e9 de rattachement<\/p>\n\n\n\n<p>L\u2019\u00c9tude est rattach\u00e9e \u00e0 :<\/p>\n\n\n\n<p>La Chambre des notaires de l&rsquo;Ouest<\/p>\n\n\n\n<p>\u00a9\ufe0f Propri\u00e9t\u00e9 intellectuelle<\/p>\n\n\n\n<p>L\u2019ensemble du site (contenus, textes, images, logo, etc.) est prot\u00e9g\u00e9 par le droit de la propri\u00e9t\u00e9 intellectuelle.<\/p>\n\n\n\n<p>Toute reproduction, repr\u00e9sentation ou exploitation, totale ou partielle, sans autorisation pr\u00e9alable est strictement interdite.<\/p>\n\n\n\n<p>\u26a0\ufe0f&nbsp;Responsabilit\u00e9<\/p>\n\n\n\n<p>Les informations pr\u00e9sentes sur ce site sont fournies \u00e0 titre indicatif.<\/p>\n\n\n\n<p>Elles ne sauraient remplacer un conseil juridique personnalis\u00e9.<\/p>\n\n\n\n<p>L\u2019\u00c9tude ne peut \u00eatre tenue responsable des \u00e9ventuelles erreurs, omissions ou d\u2019une absence de mise \u00e0 jour.<\/p>\n\n\n\n<p>\ud83d\udd10&nbsp;Donn\u00e9es personnelles<\/p>\n\n\n\n<p>Les donn\u00e9es collect\u00e9es via le site sont utilis\u00e9es uniquement dans le cadre du traitement des demandes.<\/p>\n\n\n\n<p>Vous disposez des droits suivants :<\/p>\n\n\n\n<p>acc\u00e8s<\/p>\n\n\n\n<p>rectification<\/p>\n\n\n\n<p>suppression<\/p>\n\n\n\n<p>opposition<\/p>\n\n\n\n<p>\ud83d\udce9&nbsp;Pour toute demande :&nbsp;<a href=\"mailto:office@44224.notaires.fr\">office@44224.notaires.fr<\/a><\/p>\n\n\n\n<p>\ud83c\udf6a&nbsp;Cookies<\/p>\n\n\n\n<p>Le site peut utiliser des cookies afin d\u2019am\u00e9liorer l\u2019exp\u00e9rience utilisateur et mesurer l\u2019audience.<\/p>\n\n\n\n<p>Vous pouvez \u00e0 tout moment configurer votre navigateur pour refuser tout ou partie des cookies.<\/p>\n","protected":false},"excerpt":{"rendered":"<p>\ud83c\udfdb\ufe0f&nbsp;\u00c9diteur du site [Nom de l\u2019\u00c9tude notariale] Office notarial [Adresse compl\u00e8te] \ud83d\udcde&nbsp;[T\u00e9l\u00e9phone] \u2709\ufe0f&nbsp;[Adresse e-mail] Notaires associ\u00e9s : [Nom Pr\u00e9nom] [Nom Pr\u00e9nom] Nomination par arr\u00eat\u00e9 du Ministre de la Justice en date du [date] \ud83d\udc64&nbsp;Directeur de la publication [Nom Pr\u00e9nom] Notaire associ\u00e9 \ud83d\udcbb&nbsp;H\u00e9bergement [Nom de l\u2019h\u00e9bergeur] [Adresse] \ud83d\udcde&nbsp;02.59.60.02.13 \ud83c\udf10&nbsp;[Site internet] \u2696\ufe0f&nbsp;Activit\u00e9 r\u00e9glement\u00e9e L\u2019activit\u00e9 notariale est une &hellip; <\/p>\n<p class=\"link-more\"><a href=\"https:\/\/houget-boucard-nantes.44224.notaires.fr\/?page_id=191\" class=\"more-link\">Lire la suite de<span class=\"screen-reader-text\">\u00ab\u00a0\u2696\ufe0f\u00a0Mentions l\u00e9gales\u00a0\u00bb<\/span><\/a><\/p>\n","protected":false},"author":1,"featured_media":0,"parent":0,"menu_order":0,"comment_status":"closed","ping_status":"closed","template":"","meta":{"inspiro_hide_title":false,"footnotes":""},"class_list":["post-191","page","type-page","status-publish","hentry"],"_links":{"self":[{"href":"https:\/\/houget-boucard-nantes.44224.notaires.fr\/index.php?rest_route=\/wp\/v2\/pages\/191","targetHints":{"allow":["GET"]}}],"collection":[{"href":"https:\/\/houget-boucard-nantes.44224.notaires.fr\/index.php?rest_route=\/wp\/v2\/pages"}],"about":[{"href":"https:\/\/houget-boucard-nantes.44224.notaires.fr\/index.php?rest_route=\/wp\/v2\/types\/page"}],"author":[{"embeddable":true,"href":"https:\/\/houget-boucard-nantes.44224.notaires.fr\/index.php?rest_route=\/wp\/v2\/users\/1"}],"replies":[{"embeddable":true,"href":"https:\/\/houget-boucard-nantes.44224.notaires.fr\/index.php?rest_route=%2Fwp%2Fv2%2Fcomments&post=191"}],"version-history":[{"count":2,"href":"https:\/\/houget-boucard-nantes.44224.notaires.fr\/index.php?rest_route=\/wp\/v2\/pages\/191\/revisions"}],"predecessor-version":[{"id":296,"href":"https:\/\/houget-boucard-nantes.44224.notaires.fr\/index.php?rest_route=\/wp\/v2\/pages\/191\/revisions\/296"}],"wp:attachment":[{"href":"https:\/\/houget-boucard-nantes.44224.notaires.fr\/index.php?rest_route=%2Fwp%2Fv2%2Fmedia&parent=191"}],"curies":[{"name":"wp","href":"https:\/\/api.w.org\/{rel}","templated":true}]}}